{"id":93360,"date":"2024-11-05T12:24:44","date_gmt":"2024-11-05T11:52:56","guid":{"rendered":"https:\/\/www.disinall.nl\/?post_type=product&#038;p=93360"},"modified":"2025-03-11T14:09:52","modified_gmt":"2025-03-11T13:09:52","slug":"fusspflegepaket-vitamin-boost","status":"publish","type":"product","link":"https:\/\/www.disinall.nl\/de\/shop\/fusspflegepaket-vitamin-boost\/","title":{"rendered":"Fu\u00dfpflegepaket Vitamin Boost"},"content":{"rendered":"<h6><em><span style=\"font-size: 8pt;\">Fu\u00dfpflegepaket Vitamin Boost<\/span><\/em><\/h6>\n<p>Diese Produkte mit der besonders wirksamen Oxinall\u00ae-Formel wirken hervorragend zusammen gegen Fu\u00dfpilz und Nagelpilz, sowie gegen Schrunden, Pilzbefall, Juckreiz, brennende F\u00fc\u00dfe, Fu\u00dfgeruch, Hornhautbildung und trockene, rissige Haut.<\/p>\n<p>Die Oxinall\u00ae-Formel ist eine hochwirksame Mischung aus nat\u00fcrlichen desinfizierenden, antimikrobiellen und pflegenden Wirkstoffen, wie Leptospermon und Flaveson.<\/p>\n<p>Jedes Disinall-Produkt hat seine eigene Oxinall\u00ae-Formel mit unterschiedlichen Inhaltsstoffen, um ein bestimmtes Fu\u00dfproblem zu l\u00f6sen. Auch mit diesem Fu\u00dfpflegepaket Vitamin Boost. Disinall kombiniert diese Inhaltsstoffe von h\u00f6chster Qualit\u00e4t, um die wirksamste Mischung f\u00fcr jedes Produkt zu erhalten. Schlie\u00dflich haben Ihre F\u00fc\u00dfe nur das Beste verdient.<\/p>\n<p>Fu\u00dfpilz: ein h\u00e4ufiges Problem<\/p>\n<p>Was ist Fu\u00dfpilz? Fu\u00dfpilz (offiziell: Tinea pedis) ist eine Hautinfektion, die durch Pilze (Dermatophyten) verursacht wird, die die Hornschicht der Epidermis angreifen. Die daraus resultierende Entz\u00fcndungsreaktion verursacht eine Anomalie der Haut. Der volkst\u00fcmliche Name f\u00fcr diese Erkrankung ist Schwimmekzem oder, auf Englisch, &#8218;athlete&#8217;s foot&#8216;. Fu\u00dfpilz ist hochgradig ansteckend und weit verbreitet. Mindestens 10 Prozent der Bev\u00f6lkerung leiden daran, bei Erwachsenen sogar 20 Prozent, bei \u00e4lteren Menschen und Patienten mit Diabetes und rheumatoider Arthritis ist der Prozentsatz sogar noch h\u00f6her.<\/p>\n<p>Was sind die Symptome<\/p>\n<p>Eine Pilzinfektion an den F\u00fc\u00dfen kann zu vier Arten von Anomalien f\u00fchren, die in Kombination auftreten k\u00f6nnen, aber nicht m\u00fcssen.<\/p>\n<ol>\n<li>Wei\u00dfliche Schuppung zwischen den Zehen, manchmal mit schmerzhaften Rissen. Besonders der Bereich zwischen dem 4. und 5. Zeh ist h\u00e4ufig betroffen. Ein beliebter Name f\u00fcr diese Infektion ist &#8218;Zehenk\u00e4se&#8216;, wegen des Geruchs, der sie manchmal begleitet, wenn auch Bakterien vorhanden sind.<\/li>\n<li>Juckende Blasen, insbesondere an den Fu\u00dfsohlen, die sp\u00e4ter zu braunen Flecken oder Schorf eintrocknen, woraufhin die Haut abbl\u00e4ttert. Gelegentlich bilden sich gr\u00f6\u00dfere Blasen und die Haut kann nass werden.<\/li>\n<li>R\u00f6tung und Schuppung gro\u00dfer Bereiche der Fu\u00dfsohlen und Fu\u00dfr\u00e4nder.<\/li>\n<li>Gelbliche Verf\u00e4rbung und Br\u00f6ckeln der N\u00e4gel (Pilzn\u00e4gel oder Kalkn\u00e4gel).\n<\/li>\n<\/ol>\n<p>Was Sie selbst tun k\u00f6nnen<\/p>\n<ul>\n<li>Teilen Sie das Handtuch nicht mit anderen.<\/li>\n<li>Tragen Sie in Duschen und Umkleider\u00e4umen, in der Sauna und in der N\u00e4he von Schwimmb\u00e4dern Badeschuhe.<\/li>\n<li>Verwenden Sie Seife und Duschschaum nur in Ma\u00dfen.<\/li>\n<li>Trocknen Sie die F\u00fc\u00dfe nach dem Waschen immer gr\u00fcndlich ab, insbesondere zwischen den Zehen, und verwenden Sie immer ein sauberes, trockenes Handtuch.<\/li>\n<li>Tragen Sie t\u00e4glich saubere Socken aus Baumwolle oder Wolle.<\/li>\n<li>Tragen Sie Schuhe aus nat\u00fcrlichen Materialien (Leder). Diese &#8218;atmen&#8216; besser und sorgen f\u00fcr eine bessere Bel\u00fcftung der F\u00fc\u00dfe.\n<\/li>\n<\/ul>\n<p>Noch umfangreicher als das Fu\u00dfpflegepaket Vitamin Boost<\/p>\n<p>Eine wirksame Behandlung von Fu\u00dfpilz und Nagelpilz besteht aus Intensiv Fu\u00dfbad\u00ae in Kombination mit Nageltropfen\u00ae, Schuhdeo\u00ae, Nagelspray\u00ae und Intensiv Fu\u00dfcreme\u00ae. Diese Produkte sind auch in einem g\u00fcnstigeren <a href=\"https:\/\/www.disinall.nl\/de\/produkt-kategorie\/fusspflegepakete\/\">Fu\u00dfpflegepaket<\/a> erh\u00e4ltlich. Auch das Fu\u00dfpflegepaket Vitamin Boost ist g\u00fcnstiger. Disinall-Produkte, wie das Fu\u00dfpflegepaket Vitamin Boost, sind auch in den an <a href=\"https:\/\/www.provoet.nl\" target=\"_blank\" rel=\"noopener\">ProVoet<\/a> angeschlossenen Fu\u00dfpflegepraxen erh\u00e4ltlich.<\/p>\n","protected":false},"excerpt":{"rendered":"<p>Fu\u00dfpflegepaket Vitamin Boost Diese Produkte mit der besonders wirksamen Oxinall\u00ae-Formel wirken hervorragend zusammen gegen Fu\u00dfpilz und Nagelpilz, sowie gegen Schrunden, Pilzbefall, Juckreiz, brennende F\u00fc\u00dfe, Fu\u00dfgeruch, Hornhautbildung und trockene, rissige Haut. Die Oxinall\u00ae-Formel ist eine hochwirksame Mischung aus nat\u00fcrlichen desinfizierenden, antimikrobiellen und pflegenden Wirkstoffen, wie Leptospermon und Flaveson. Jedes Disinall-Produkt hat seine eigene Oxinall\u00ae-Formel mit unterschiedlichen [&hellip;]<\/p>\n","protected":false},"featured_media":95064,"comment_status":"open","ping_status":"closed","template":"","meta":[],"product_brand":[],"product_cat":[1060],"product_tag":[761,773,632],"class_list":{"0":"post-93360","1":"product","2":"type-product","3":"status-publish","4":"has-post-thumbnail","6":"product_cat-fusspflegepakete","7":"product_tag-fusspilz-behandeln","8":"product_tag-fusspilz-produkt","9":"product_tag-kalknagel-behandeln-de-2","11":"first","12":"instock","13":"sale","14":"taxable","15":"shipping-taxable","16":"purchasable","17":"product-type-simple"},"_links":{"self":[{"href":"https:\/\/www.disinall.nl\/de\/wp-json\/wp\/v2\/product\/93360","targetHints":{"allow":["GET"]}}],"collection":[{"href":"https:\/\/www.disinall.nl\/de\/wp-json\/wp\/v2\/product"}],"about":[{"href":"https:\/\/www.disinall.nl\/de\/wp-json\/wp\/v2\/types\/product"}],"replies":[{"embeddable":true,"href":"https:\/\/www.disinall.nl\/de\/wp-json\/wp\/v2\/comments?post=93360"}],"wp:featuredmedia":[{"embeddable":true,"href":"https:\/\/www.disinall.nl\/de\/wp-json\/wp\/v2\/media\/95064"}],"wp:attachment":[{"href":"https:\/\/www.disinall.nl\/de\/wp-json\/wp\/v2\/media?parent=93360"}],"wp:term":[{"taxonomy":"product_brand","embeddable":true,"href":"https:\/\/www.disinall.nl\/de\/wp-json\/wp\/v2\/product_brand?post=93360"},{"taxonomy":"product_cat","embeddable":true,"href":"https:\/\/www.disinall.nl\/de\/wp-json\/wp\/v2\/product_cat?post=93360"},{"taxonomy":"product_tag","embeddable":true,"href":"https:\/\/www.disinall.nl\/de\/wp-json\/wp\/v2\/product_tag?post=93360"}],"curies":[{"name":"wp","href":"https:\/\/api.w.org\/{rel}","templated":true}]}}